{"id":2,"date":"2013-05-09T16:10:22","date_gmt":"2013-05-09T16:10:22","guid":{"rendered":"http:\/\/www.uso-koeln.de\/uso-koeln\/?page_id=2"},"modified":"2023-07-09T16:33:28","modified_gmt":"2023-07-09T14:33:28","slug":"beispiel-seite","status":"publish","type":"page","link":"https:\/\/www.uso-koeln.de\/","title":{"rendered":"Herzlich Willkommen auf unserem Blog"},"content":{"rendered":"\n<p>Dies ist unser Blog. Wer uns bei der Vorbereitung und der anschlie\u00dfenden Reise begleiten m\u00f6chte ist recht herzlich eingeladen uns zu folgen.<\/p>\n\n\n\n<hr class=\"wp-block-separator has-alpha-channel-opacity\"\/>\n\n\n\n<p><\/p>\n\n\n\n<p><strong>Hier die neuesten Beitr\u00e4ge:<\/strong><\/p>\n\n\n\n<p><\/p>\n\n\n<ul class=\"wp-block-latest-posts__list wp-block-latest-posts\"><li><a class=\"wp-block-latest-posts__post-title\" href=\"https:\/\/www.uso-koeln.de\/?p=1330\">05.07.2023 &#8211; Auf nach Fjellerup<\/a><\/li>\n<li><a class=\"wp-block-latest-posts__post-title\" href=\"https:\/\/www.uso-koeln.de\/?p=1311\">03.\/04.07.2023 &#8211; Ge\u00e4nderte Route nach Silkeborg<\/a><\/li>\n<li><a class=\"wp-block-latest-posts__post-title\" href=\"https:\/\/www.uso-koeln.de\/?p=1292\">02.07.2023 &#8211; Ausflug nach Skagen<\/a><\/li>\n<li><a class=\"wp-block-latest-posts__post-title\" href=\"https:\/\/www.uso-koeln.de\/?p=1262\">01.07.2023 &#8211;  Saeby im Regen<\/a><\/li>\n<li><a class=\"wp-block-latest-posts__post-title\" href=\"https:\/\/www.uso-koeln.de\/?p=1260\">30.06.2023 &#8211; Saeby ebenfalls vom Winde verweht<\/a><\/li>\n<li><a class=\"wp-block-latest-posts__post-title\" href=\"https:\/\/www.uso-koeln.de\/?p=1258\">29.06.2023 &#8211; Saeby<\/a><\/li>\n<li><a class=\"wp-block-latest-posts__post-title\" href=\"https:\/\/www.uso-koeln.de\/?p=1237\">28.06.2023 Trolle und der Weg nach Saeby<\/a><\/li>\n<li><a class=\"wp-block-latest-posts__post-title\" href=\"https:\/\/www.uso-koeln.de\/?p=1216\">27.06.2023 Hvide Sande<\/a><\/li>\n<li><a class=\"wp-block-latest-posts__post-title\" href=\"https:\/\/www.uso-koeln.de\/?p=1198\">26.06.2023 Ribe und Hvide Sande &#8211; vom Winde verweht!<\/a><\/li>\n<li><a class=\"wp-block-latest-posts__post-title\" href=\"https:\/\/www.uso-koeln.de\/?p=1179\">25.06.2023 Hamburg<\/a><\/li>\n<li><a class=\"wp-block-latest-posts__post-title\" href=\"https:\/\/www.uso-koeln.de\/?p=1173\">24.06.2023 Es geht los!<\/a><\/li>\n<li><a class=\"wp-block-latest-posts__post-title\" href=\"https:\/\/www.uso-koeln.de\/?p=1164\">23.06.2023 Abholung  Wohnmobil<\/a><\/li>\n<\/ul>","protected":false},"excerpt":{"rendered":"<p>Dies ist unser Blog. Wer uns bei der Vorbereitung und der anschlie\u00dfenden Reise begleiten m\u00f6chte ist recht herzlich eingeladen uns zu folgen. Hier die neuesten Beitr\u00e4ge:<\/p>\n","protected":false},"author":1,"featured_media":0,"parent":0,"menu_order":0,"comment_status":"closed","ping_status":"open","template":"","meta":{"footnotes":""},"class_list":["post-2","page","type-page","status-publish","hentry"],"_links":{"self":[{"href":"https:\/\/www.uso-koeln.de\/index.php?rest_route=\/wp\/v2\/pages\/2","targetHints":{"allow":["GET"]}}],"collection":[{"href":"https:\/\/www.uso-koeln.de\/index.php?rest_route=\/wp\/v2\/pages"}],"about":[{"href":"https:\/\/www.uso-koeln.de\/index.php?rest_route=\/wp\/v2\/types\/page"}],"author":[{"embeddable":true,"href":"https:\/\/www.uso-koeln.de\/index.php?rest_route=\/wp\/v2\/users\/1"}],"replies":[{"embeddable":true,"href":"https:\/\/www.uso-koeln.de\/index.php?rest_route=%2Fwp%2Fv2%2Fcomments&post=2"}],"version-history":[{"count":16,"href":"https:\/\/www.uso-koeln.de\/index.php?rest_route=\/wp\/v2\/pages\/2\/revisions"}],"predecessor-version":[{"id":1353,"href":"https:\/\/www.uso-koeln.de\/index.php?rest_route=\/wp\/v2\/pages\/2\/revisions\/1353"}],"wp:attachment":[{"href":"https:\/\/www.uso-koeln.de\/index.php?rest_route=%2Fwp%2Fv2%2Fmedia&parent=2"}],"curies":[{"name":"wp","href":"https:\/\/api.w.org\/{rel}","templated":true}]}}